{"id":11,"date":"2024-09-12T20:41:44","date_gmt":"2024-09-12T20:41:44","guid":{"rendered":"https:\/\/yoss.com.pl\/index.php\/moje-konto\/"},"modified":"2025-11-06T15:05:23","modified_gmt":"2025-11-06T15:05:23","slug":"kontakt","status":"publish","type":"page","link":"https:\/\/dwm.szczecin.pl\/index.php\/kontakt\/","title":{"rendered":"Kontakt"},"content":{"rendered":"\t\t<div data-elementor-type=\"wp-page\" data-elementor-id=\"11\" class=\"elementor elementor-11\">\n\t\t\t\t<div class=\"elementor-element elementor-element-81a6a08 e-flex e-con-boxed e-con e-parent\" data-id=\"81a6a08\" data-element_type=\"container\">\n\t\t\t\t\t<div class=\"e-con-inner\">\n\t\t\t\t<div class=\"elementor-element elementor-element-818954f elementor-widget elementor-widget-heading\" data-id=\"818954f\" data-element_type=\"widget\" data-widget_type=\"heading.default\">\n\t\t\t\t<div class=\"elementor-widget-container\">\n\t\t\t\t\t<h2 class=\"elementor-heading-title elementor-size-default\">Zadzwo\u0144 i dowiedz si\u0119 wi\u0119cej<\/h2>\t\t\t\t<\/div>\n\t\t\t\t<\/div>\n\t\t\t\t\t<\/div>\n\t\t\t\t<\/div>\n\t\t<div class=\"elementor-element elementor-element-6902d68 e-flex e-con-boxed e-con e-parent\" data-id=\"6902d68\" data-element_type=\"container\">\n\t\t\t\t\t<div class=\"e-con-inner\">\n\t\t\t\t<div class=\"elementor-element elementor-element-d1afb58 elementor-widget elementor-widget-text-editor\" data-id=\"d1afb58\" data-element_type=\"widget\" data-widget_type=\"text-editor.default\">\n\t\t\t\t<div class=\"elementor-widget-container\">\n\t\t\t\t\t\t\t\t\t<h2 style=\"font-family: var(--wp--preset--font-family--heading); font-size: var(--wp--preset--font-size--x-large); text-align: center;\"><strong style=\"color: var(--wp--preset--color--contrast); font-family: var(--wp--preset--font-family--heading); font-size: var(--wp--preset--font-size--large); text-align: var(--text-align); background-color: var(--wp--preset--color--base);\">Daniel + 48 506 902 206<\/strong><\/h2><p>e-mail.: biuro.dwm@gmail.com<\/p>\t\t\t\t\t\t\t\t<\/div>\n\t\t\t\t<\/div>\n\t\t\t\t\t<\/div>\n\t\t\t\t<\/div>\n\t\t<div class=\"elementor-element elementor-element-effb83d e-flex e-con-boxed e-con e-parent\" data-id=\"effb83d\" data-element_type=\"container\">\n\t\t\t\t\t<div class=\"e-con-inner\">\n\t\t\t\t\t<\/div>\n\t\t\t\t<\/div>\n\t\t<div class=\"elementor-element elementor-element-c33be42 e-flex e-con-boxed e-con e-parent\" data-id=\"c33be42\" data-element_type=\"container\">\n\t\t\t\t\t<div class=\"e-con-inner\">\n\t\t\t\t<div class=\"elementor-element elementor-element-bf78aa3 elementor-widget elementor-widget-google_maps\" data-id=\"bf78aa3\" data-element_type=\"widget\" data-widget_type=\"google_maps.default\">\n\t\t\t\t<div class=\"elementor-widget-container\">\n\t\t\t\t\t\t\t<div class=\"elementor-custom-embed\">\n\t\t\t<iframe loading=\"lazy\"\n\t\t\t\t\tsrc=\"https:\/\/maps.google.com\/maps?q=Szczecin&#038;t=m&#038;z=10&#038;output=embed&#038;iwloc=near\"\n\t\t\t\t\ttitle=\"Szczecin\"\n\t\t\t\t\taria-label=\"Szczecin\"\n\t\t\t><\/iframe>\n\t\t<\/div>\n\t\t\t\t\t\t<\/div>\n\t\t\t\t<\/div>\n\t\t\t\t\t<\/div>\n\t\t\t\t<\/div>\n\t\t\t\t<\/div>\n\t\t","protected":false},"excerpt":{"rendered":"<p>Zadzwo\u0144 i dowiedz si\u0119 wi\u0119cej Daniel + 48 506 902 206 e-mail.: biuro.dwm@gmail.com<\/p>\n","protected":false},"author":1,"featured_media":0,"parent":0,"menu_order":0,"comment_status":"closed","ping_status":"closed","template":"","meta":{"footnotes":""},"class_list":["post-11","page","type-page","status-publish","hentry"],"yoast_head":"<!-- This site is optimized with the Yoast SEO plugin v26.3 - https:\/\/yoast.com\/wordpress\/plugins\/seo\/ -->\n<title>Kontakt - DWM Szczecin<\/title>\n<meta name=\"description\" content=\"Szukasz mikrocementu? Skontaktuj si\u0119 z nami, aby uzyska\u0107 wycen\u0119 i um\u00f3wi\u0107 wizyt\u0119. DWM pomo\u017ce Ci stworzy\u0107 wyj\u0105tkowe wn\u0119trze. Zadzwo\u0144!\" \/>\n<meta name=\"robots\" content=\"index, follow, max-snippet:-1, max-image-preview:large, max-video-preview:-1\" \/>\n<link rel=\"canonical\" href=\"https:\/\/dwm.szczecin.pl\/index.php\/kontakt\/\" \/>\n<meta property=\"og:locale\" content=\"pl_PL\" \/>\n<meta property=\"og:type\" content=\"article\" \/>\n<meta property=\"og:title\" content=\"Kontakt - DWM Szczecin\" \/>\n<meta property=\"og:description\" content=\"Szukasz mikrocementu? Skontaktuj si\u0119 z nami, aby uzyska\u0107 wycen\u0119 i um\u00f3wi\u0107 wizyt\u0119. DWM pomo\u017ce Ci stworzy\u0107 wyj\u0105tkowe wn\u0119trze. Zadzwo\u0144!\" \/>\n<meta property=\"og:url\" content=\"https:\/\/dwm.szczecin.pl\/index.php\/kontakt\/\" \/>\n<meta property=\"og:site_name\" content=\"DWM Szczecin\" \/>\n<meta property=\"article:modified_time\" content=\"2025-11-06T15:05:23+00:00\" \/>\n<meta name=\"twitter:card\" content=\"summary_large_image\" \/>\n<meta name=\"twitter:label1\" content=\"Szacowany czas czytania\" \/>\n\t<meta name=\"twitter:data1\" content=\"1 minuta\" \/>\n<script type=\"application\/ld+json\" class=\"yoast-schema-graph\">{\"@context\":\"https:\/\/schema.org\",\"@graph\":[{\"@type\":\"WebPage\",\"@id\":\"https:\/\/dwm.szczecin.pl\/index.php\/kontakt\/\",\"url\":\"https:\/\/dwm.szczecin.pl\/index.php\/kontakt\/\",\"name\":\"Kontakt - DWM Szczecin\",\"isPartOf\":{\"@id\":\"https:\/\/dwm.szczecin.pl\/#website\"},\"datePublished\":\"2024-09-12T20:41:44+00:00\",\"dateModified\":\"2025-11-06T15:05:23+00:00\",\"description\":\"Szukasz mikrocementu? Skontaktuj si\u0119 z nami, aby uzyska\u0107 wycen\u0119 i um\u00f3wi\u0107 wizyt\u0119. DWM pomo\u017ce Ci stworzy\u0107 wyj\u0105tkowe wn\u0119trze. Zadzwo\u0144!\",\"breadcrumb\":{\"@id\":\"https:\/\/dwm.szczecin.pl\/index.php\/kontakt\/#breadcrumb\"},\"inLanguage\":\"pl-PL\",\"potentialAction\":[{\"@type\":\"ReadAction\",\"target\":[\"https:\/\/dwm.szczecin.pl\/index.php\/kontakt\/\"]}]},{\"@type\":\"BreadcrumbList\",\"@id\":\"https:\/\/dwm.szczecin.pl\/index.php\/kontakt\/#breadcrumb\",\"itemListElement\":[{\"@type\":\"ListItem\",\"position\":1,\"name\":\"Strona g\u0142\u00f3wna\",\"item\":\"https:\/\/dwm.szczecin.pl\/\"},{\"@type\":\"ListItem\",\"position\":2,\"name\":\"Kontakt\"}]},{\"@type\":\"WebSite\",\"@id\":\"https:\/\/dwm.szczecin.pl\/#website\",\"url\":\"https:\/\/dwm.szczecin.pl\/\",\"name\":\"DWM Szczecin\",\"description\":\"Tworzymy wyko\u0144czenia, kt\u00f3re zapadaj\u0105 w pami\u0119\u0107.\",\"publisher\":{\"@id\":\"https:\/\/dwm.szczecin.pl\/#organization\"},\"potentialAction\":[{\"@type\":\"SearchAction\",\"target\":{\"@type\":\"EntryPoint\",\"urlTemplate\":\"https:\/\/dwm.szczecin.pl\/?s={search_term_string}\"},\"query-input\":{\"@type\":\"PropertyValueSpecification\",\"valueRequired\":true,\"valueName\":\"search_term_string\"}}],\"inLanguage\":\"pl-PL\"},{\"@type\":\"Organization\",\"@id\":\"https:\/\/dwm.szczecin.pl\/#organization\",\"name\":\"DWM Szczecin\",\"url\":\"https:\/\/dwm.szczecin.pl\/\",\"logo\":{\"@type\":\"ImageObject\",\"inLanguage\":\"pl-PL\",\"@id\":\"https:\/\/dwm.szczecin.pl\/#\/schema\/logo\/image\/\",\"url\":\"https:\/\/dwm.szczecin.pl\/wp-content\/uploads\/2024\/09\/logo_czanre_bez_tla-1.png\",\"contentUrl\":\"https:\/\/dwm.szczecin.pl\/wp-content\/uploads\/2024\/09\/logo_czanre_bez_tla-1.png\",\"width\":4168,\"height\":2835,\"caption\":\"DWM Szczecin\"},\"image\":{\"@id\":\"https:\/\/dwm.szczecin.pl\/#\/schema\/logo\/image\/\"}}]}<\/script>\n<!-- \/ Yoast SEO plugin. -->","yoast_head_json":{"title":"Kontakt - DWM Szczecin","description":"Szukasz mikrocementu? Skontaktuj si\u0119 z nami, aby uzyska\u0107 wycen\u0119 i um\u00f3wi\u0107 wizyt\u0119. DWM pomo\u017ce Ci stworzy\u0107 wyj\u0105tkowe wn\u0119trze. Zadzwo\u0144!","robots":{"index":"index","follow":"follow","max-snippet":"max-snippet:-1","max-image-preview":"max-image-preview:large","max-video-preview":"max-video-preview:-1"},"canonical":"https:\/\/dwm.szczecin.pl\/index.php\/kontakt\/","og_locale":"pl_PL","og_type":"article","og_title":"Kontakt - DWM Szczecin","og_description":"Szukasz mikrocementu? Skontaktuj si\u0119 z nami, aby uzyska\u0107 wycen\u0119 i um\u00f3wi\u0107 wizyt\u0119. DWM pomo\u017ce Ci stworzy\u0107 wyj\u0105tkowe wn\u0119trze. Zadzwo\u0144!","og_url":"https:\/\/dwm.szczecin.pl\/index.php\/kontakt\/","og_site_name":"DWM Szczecin","article_modified_time":"2025-11-06T15:05:23+00:00","twitter_card":"summary_large_image","twitter_misc":{"Szacowany czas czytania":"1 minuta"},"schema":{"@context":"https:\/\/schema.org","@graph":[{"@type":"WebPage","@id":"https:\/\/dwm.szczecin.pl\/index.php\/kontakt\/","url":"https:\/\/dwm.szczecin.pl\/index.php\/kontakt\/","name":"Kontakt - DWM Szczecin","isPartOf":{"@id":"https:\/\/dwm.szczecin.pl\/#website"},"datePublished":"2024-09-12T20:41:44+00:00","dateModified":"2025-11-06T15:05:23+00:00","description":"Szukasz mikrocementu? Skontaktuj si\u0119 z nami, aby uzyska\u0107 wycen\u0119 i um\u00f3wi\u0107 wizyt\u0119. DWM pomo\u017ce Ci stworzy\u0107 wyj\u0105tkowe wn\u0119trze. Zadzwo\u0144!","breadcrumb":{"@id":"https:\/\/dwm.szczecin.pl\/index.php\/kontakt\/#breadcrumb"},"inLanguage":"pl-PL","potentialAction":[{"@type":"ReadAction","target":["https:\/\/dwm.szczecin.pl\/index.php\/kontakt\/"]}]},{"@type":"BreadcrumbList","@id":"https:\/\/dwm.szczecin.pl\/index.php\/kontakt\/#breadcrumb","itemListElement":[{"@type":"ListItem","position":1,"name":"Strona g\u0142\u00f3wna","item":"https:\/\/dwm.szczecin.pl\/"},{"@type":"ListItem","position":2,"name":"Kontakt"}]},{"@type":"WebSite","@id":"https:\/\/dwm.szczecin.pl\/#website","url":"https:\/\/dwm.szczecin.pl\/","name":"DWM Szczecin","description":"Tworzymy wyko\u0144czenia, kt\u00f3re zapadaj\u0105 w pami\u0119\u0107.","publisher":{"@id":"https:\/\/dwm.szczecin.pl\/#organization"},"potentialAction":[{"@type":"SearchAction","target":{"@type":"EntryPoint","urlTemplate":"https:\/\/dwm.szczecin.pl\/?s={search_term_string}"},"query-input":{"@type":"PropertyValueSpecification","valueRequired":true,"valueName":"search_term_string"}}],"inLanguage":"pl-PL"},{"@type":"Organization","@id":"https:\/\/dwm.szczecin.pl\/#organization","name":"DWM Szczecin","url":"https:\/\/dwm.szczecin.pl\/","logo":{"@type":"ImageObject","inLanguage":"pl-PL","@id":"https:\/\/dwm.szczecin.pl\/#\/schema\/logo\/image\/","url":"https:\/\/dwm.szczecin.pl\/wp-content\/uploads\/2024\/09\/logo_czanre_bez_tla-1.png","contentUrl":"https:\/\/dwm.szczecin.pl\/wp-content\/uploads\/2024\/09\/logo_czanre_bez_tla-1.png","width":4168,"height":2835,"caption":"DWM Szczecin"},"image":{"@id":"https:\/\/dwm.szczecin.pl\/#\/schema\/logo\/image\/"}}]}},"_links":{"self":[{"href":"https:\/\/dwm.szczecin.pl\/index.php\/wp-json\/wp\/v2\/pages\/11","targetHints":{"allow":["GET"]}}],"collection":[{"href":"https:\/\/dwm.szczecin.pl\/index.php\/wp-json\/wp\/v2\/pages"}],"about":[{"href":"https:\/\/dwm.szczecin.pl\/index.php\/wp-json\/wp\/v2\/types\/page"}],"author":[{"embeddable":true,"href":"https:\/\/dwm.szczecin.pl\/index.php\/wp-json\/wp\/v2\/users\/1"}],"replies":[{"embeddable":true,"href":"https:\/\/dwm.szczecin.pl\/index.php\/wp-json\/wp\/v2\/comments?post=11"}],"version-history":[{"count":16,"href":"https:\/\/dwm.szczecin.pl\/index.php\/wp-json\/wp\/v2\/pages\/11\/revisions"}],"predecessor-version":[{"id":177,"href":"https:\/\/dwm.szczecin.pl\/index.php\/wp-json\/wp\/v2\/pages\/11\/revisions\/177"}],"wp:attachment":[{"href":"https:\/\/dwm.szczecin.pl\/index.php\/wp-json\/wp\/v2\/media?parent=11"}],"curies":[{"name":"wp","href":"https:\/\/api.w.org\/{rel}","templated":true}]}}